{"id":436,"date":"2024-03-19T21:32:20","date_gmt":"2024-03-19T20:32:20","guid":{"rendered":"https:\/\/www.kralovstvolabiek.sk\/?page_id=436"},"modified":"2024-03-19T23:10:18","modified_gmt":"2024-03-19T22:10:18","slug":"kontakt","status":"publish","type":"page","link":"https:\/\/www.kralovstvolabiek.sk\/index.php\/kontakt\/","title":{"rendered":"Kontakt"},"content":{"rendered":"<p>[et_pb_section fb_built=&#8220;1&#8243; admin_label=&#8220;Header&#8220; _builder_version=&#8220;4.24.2&#8243; background_color=&#8220;#efebdc&#8220; background_image=&#8220;https:\/\/www.kralovstvolabiek.sk\/wp-content\/uploads\/2024\/03\/Artboard-2.png&#8220; overflow-x=&#8220;hidden&#8220; overflow-y=&#8220;hidden&#8220; custom_padding=&#8220;||120px|||&#8220; hover_enabled=&#8220;0&#8243; background_last_edited=&#8220;off|desktop&#8220; parallax_tablet=&#8220;off&#8220; global_colors_info=&#8220;{}&#8220; sticky_enabled=&#8220;0&#8243; title_text=&#8220;Artboard 2&#8243; background_size=&#8220;contain&#8220; background_blend=&#8220;color-dodge&#8220;][et_pb_row column_structure=&#8220;1_2,1_2&#8243; _builder_version=&#8220;4.16&#8243; custom_margin_tablet=&#8220;||-10vw||false|false&#8220; custom_margin_phone=&#8220;&#8220; custom_margin_last_edited=&#8220;on|desktop&#8220; global_colors_info=&#8220;{}&#8220; custom_padding=&#8220;4px|||||&#8220;][et_pb_column type=&#8220;1_2&#8243; _builder_version=&#8220;4.16&#8243; custom_padding=&#8220;5vw||&#8220; global_colors_info=&#8220;{}&#8220;][et_pb_text _builder_version=&#8220;4.24.2&#8243; text_font=&#8220;||||||||&#8220; text_font_size=&#8220;24px&#8220; text_line_height=&#8220;1.8em&#8220; header_font=&#8220;Amatic SC|700|||||||&#8220; header_font_size=&#8220;130px&#8220; header_line_height=&#8220;1.2em&#8220; text_font_size_tablet=&#8220;&#8220; text_font_size_phone=&#8220;22px&#8220; text_font_size_last_edited=&#8220;on|desktop&#8220; header_font_size_tablet=&#8220;80px&#8220; header_font_size_phone=&#8220;60px&#8220; header_font_size_last_edited=&#8220;on|phone&#8220; background_color_tablet=&#8220;#efebdc&#8220; background_last_edited=&#8220;on|tablet&#8220; background_enable_color_tablet=&#8220;on&#8220; global_colors_info=&#8220;{}&#8220;]<\/p>\n<h1>Kontakt<\/h1>\n<p><span>Spojte sa s nami pre ak\u00e9ko\u013evek ot\u00e1zky, inform\u00e1cie oh\u013eadom v\u00fdcviku alebo chovate\u013eskej stanice Entlebu\u0161sk\u00fdch sala\u0161n\u00edckych psov.<\/span><\/p>\n<p>[\/et_pb_text][et_pb_social_media_follow _builder_version=&#8220;4.24.2&#8243; text_orientation=&#8220;left&#8220; custom_margin_tablet=&#8220;||120px||false|false&#8220; custom_margin_phone=&#8220;0px||150px||false|false&#8220; custom_margin_last_edited=&#8220;on|phone&#8220; custom_padding_tablet=&#8220;0px||0px||false|false&#8220; custom_padding_phone=&#8220;||0px||false|false&#8220; custom_padding_last_edited=&#8220;on|tablet&#8220; border_radii=&#8220;on|60px|60px|60px|60px&#8220; locked=&#8220;off&#8220; global_colors_info=&#8220;{}&#8220;][et_pb_social_media_follow_network social_network=&#8220;facebook&#8220; url=&#8220;https:\/\/www.facebook.com\/natureharmonyforever&#8220; _builder_version=&#8220;4.24.2&#8243; background_color=&#8220;#000000&#8243; background_enable_color=&#8220;on&#8220; custom_margin=&#8220;|4px||4px||true&#8220; custom_padding=&#8220;8px|8px|8px|8px|true|true&#8220; global_colors_info=&#8220;{}&#8220; follow_button=&#8220;off&#8220; url_new_window=&#8220;on&#8220;]facebook[\/et_pb_social_media_follow_network][et_pb_social_media_follow_network social_network=&#8220;instagram&#8220; _builder_version=&#8220;4.24.2&#8243; background_color=&#8220;#000000&#8243; background_enable_color=&#8220;on&#8220; custom_margin=&#8220;|4px||4px||true&#8220; custom_padding=&#8220;8px|8px|8px|8px|true|true&#8220; global_colors_info=&#8220;{}&#8220; follow_button=&#8220;off&#8220; url_new_window=&#8220;on&#8220;]instagram[\/et_pb_social_media_follow_network][\/et_pb_social_media_follow][\/et_pb_column][et_pb_column type=&#8220;1_2&#8243; _builder_version=&#8220;4.16&#8243; global_colors_info=&#8220;{}&#8220;][et_pb_image src=&#8220;https:\/\/www.kralovstvolabiek.sk\/wp-content\/uploads\/2024\/03\/Champion.jpg&#8220; title_text=&#8220;Champion&#8220; show_bottom_space_tablet=&#8220;on&#8220; show_bottom_space_last_edited=&#8220;off|desktop&#8220; _builder_version=&#8220;4.24.2&#8243; transform_translate=&#8220;111px|50px&#8220; custom_margin=&#8220;||||false|false&#8220; custom_margin_tablet=&#8220;-150px||||false|false&#8220; custom_margin_phone=&#8220;-200px||||false|false&#8220; custom_margin_last_edited=&#8220;on|phone&#8220; animation_style=&#8220;roll&#8220; animation_intensity_roll=&#8220;5%&#8220; hover_enabled=&#8220;0&#8243; border_radii=&#8220;on|50vw|50vw|50vw|50vw&#8220; border_color_all=&#8220;#efebdc&#8220; locked=&#8220;off&#8220; global_colors_info=&#8220;{}&#8220; animation_direction=&#8220;bottom&#8220; sticky_enabled=&#8220;0&#8243;][\/et_pb_image][\/et_pb_column][\/et_pb_row][\/et_pb_section][et_pb_section fb_built=&#8220;1&#8243; admin_label=&#8220;Footer&#8220; _builder_version=&#8220;4.16&#8243; background_color=&#8220;#f6f3ea&#8220; custom_padding=&#8220;||0px|||&#8220; global_colors_info=&#8220;{}&#8220;][et_pb_row custom_padding_last_edited=&#8220;on|desktop&#8220; _builder_version=&#8220;4.16&#8243; background_color=&#8220;#efebdc&#8220; width=&#8220;90%&#8220; width_tablet=&#8220;95%&#8220; width_phone=&#8220;&#8220; width_last_edited=&#8220;on|desktop&#8220; max_width=&#8220;none&#8220; module_alignment=&#8220;right&#8220; overflow-x=&#8220;visible&#8220; overflow-y=&#8220;visible&#8220; custom_padding=&#8220;60px|10vw|5vw|40px|false|false&#8220; custom_padding_tablet=&#8220;|40px|||false|false&#8220; custom_padding_phone=&#8220;&#8220; border_radii=&#8220;|200px|||&#8220; border_radii_tablet=&#8220;|0px|||&#8220; border_radii_phone=&#8220;&#8220; border_radii_last_edited=&#8220;on|tablet&#8220; locked=&#8220;off&#8220; global_colors_info=&#8220;{}&#8220;][et_pb_column type=&#8220;4_4&#8243; _builder_version=&#8220;4.16&#8243; global_colors_info=&#8220;{}&#8220;][et_pb_text _builder_version=&#8220;4.24.2&#8243; text_font=&#8220;||||||||&#8220; text_font_size=&#8220;16px&#8220; text_line_height=&#8220;1.8em&#8220; header_font=&#8220;||||||||&#8220; header_2_font=&#8220;Amatic SC|700|||||||&#8220; header_2_font_size=&#8220;80px&#8220; header_2_line_height=&#8220;1.2em&#8220; text_orientation=&#8220;center&#8220; max_width=&#8220;700px&#8220; module_alignment=&#8220;center&#8220; header_2_font_size_tablet=&#8220;60px&#8220; header_2_font_size_phone=&#8220;32px&#8220; header_2_font_size_last_edited=&#8220;on|phone&#8220; locked=&#8220;off&#8220; global_colors_info=&#8220;{}&#8220;]<\/p>\n<h2><span>H\u013ead\u00e1te profesion\u00e1la?<\/span><\/h2>\n<p><span>Ak h\u013ead\u00e1te sk\u00fasen\u00e9ho odborn\u00edka na v\u00fdcvik psov, ktor\u00fd pristupuje s l\u00e1skou a odbornos\u0165ou, ste na spr\u00e1vnom mieste. Sme tu, aby sme v\u00e1m a v\u00e1\u0161mu \u0161tvornoh\u00e9mu priate\u013eovi pomohli dosiahnu\u0165 v\u00e1\u0161 spolo\u010dn\u00fd cie\u013e.<\/span><\/p>\n<p>[\/et_pb_text][et_pb_button button_url=&#8220;https:\/\/m.me\/natureharmonyforever&#8220; button_text=&#8220;Messenger&#8220; button_alignment=&#8220;center&#8220; _builder_version=&#8220;4.24.2&#8243; custom_button=&#8220;on&#8220; button_text_size=&#8220;18px&#8220; button_bg_color=&#8220;#0695ff&#8220; button_border_color=&#8220;rgba(0,0,0,0)&#8220; button_border_radius=&#8220;50px&#8220; button_font=&#8220;|700|||||||&#8220; button_icon=&#8220;&#x24;||divi||400&#8243; background_layout=&#8220;dark&#8220; custom_padding=&#8220;15px|40px|15px|40px|true|true&#8220; locked=&#8220;off&#8220; global_colors_info=&#8220;{}&#8220;][\/et_pb_button][et_pb_button button_url=&#8220;https:\/\/wa.me\/421910119518&#8243; button_text=&#8220;Whatsapp&#8220; button_alignment=&#8220;center&#8220; _builder_version=&#8220;4.24.2&#8243; custom_button=&#8220;on&#8220; button_text_size=&#8220;18px&#8220; button_bg_color=&#8220;#25d366&#8243; button_border_color=&#8220;rgba(0,0,0,0)&#8220; button_border_radius=&#8220;50px&#8220; button_font=&#8220;|700|||||||&#8220; button_icon=&#8220;&#x24;||divi||400&#8243; background_layout=&#8220;dark&#8220; custom_padding=&#8220;15px|40px|15px|40px|true|true&#8220; locked=&#8220;off&#8220; global_colors_info=&#8220;{}&#8220;][\/et_pb_button][et_pb_button button_url=&#8220;sms:+421910119518&#8243; button_text=&#8220;SMS&#8220; button_alignment=&#8220;center&#8220; _builder_version=&#8220;4.24.2&#8243; custom_button=&#8220;on&#8220; button_text_size=&#8220;18px&#8220; button_bg_color=&#8220;#ee6a5b&#8220; button_border_color=&#8220;rgba(0,0,0,0)&#8220; button_border_radius=&#8220;50px&#8220; button_font=&#8220;|700|||||||&#8220; button_icon=&#8220;&#x24;||divi||400&#8243; background_layout=&#8220;dark&#8220; custom_padding=&#8220;15px|40px|15px|40px|true|true&#8220; locked=&#8220;off&#8220; global_colors_info=&#8220;{}&#8220;][\/et_pb_button][et_pb_button button_url=&#8220;tel:+421910119518&#8243; button_text=&#8220;Vola\u0165&#8220; button_alignment=&#8220;center&#8220; _builder_version=&#8220;4.24.2&#8243; custom_button=&#8220;on&#8220; button_text_size=&#8220;18px&#8220; button_bg_color=&#8220;#7f8ff9&#8243; button_border_color=&#8220;rgba(0,0,0,0)&#8220; button_border_radius=&#8220;50px&#8220; button_font=&#8220;|700|||||||&#8220; button_icon=&#8220;&#x24;||divi||400&#8243; background_layout=&#8220;dark&#8220; custom_padding=&#8220;15px|40px|15px|40px|true|true&#8220; locked=&#8220;off&#8220; global_colors_info=&#8220;{}&#8220;][\/et_pb_button][\/et_pb_column][\/et_pb_row][et_pb_row column_structure=&#8220;3_5,2_5&#8243; custom_padding_last_edited=&#8220;on|desktop&#8220; _builder_version=&#8220;4.16&#8243; background_color=&#8220;#efebdc&#8220; background_image=&#8220;https:\/\/www.kralovstvolabiek.sk\/wp-content\/uploads\/2024\/03\/dog-walker-11.png&#8220; background_size=&#8220;custom&#8220; background_image_width=&#8220;80%&#8220; background_position=&#8220;bottom_center&#8220; background_vertical_offset=&#8220;0%&#8220; width=&#8220;90%&#8220; width_tablet=&#8220;95%&#8220; width_phone=&#8220;&#8220; width_last_edited=&#8220;on|desktop&#8220; max_width=&#8220;none&#8220; module_alignment=&#8220;right&#8220; custom_padding=&#8220;60px|10vw|5vw|40px|false|false&#8220; custom_padding_tablet=&#8220;|40px|||false|false&#8220; custom_padding_phone=&#8220;&#8220; locked=&#8220;off&#8220; global_colors_info=&#8220;{}&#8220;][et_pb_column type=&#8220;3_5&#8243; _builder_version=&#8220;4.16&#8243; global_colors_info=&#8220;{}&#8220;][et_pb_image src=&#8220;https:\/\/www.kralovstvolabiek.sk\/wp-content\/uploads\/2024\/03\/Vycvik_1.jpg&#8220; title_text=&#8220;Vycvik&#8220; _builder_version=&#8220;4.24.2&#8243; custom_margin=&#8220;|||-7vw|false|false&#8220; custom_margin_tablet=&#8220;&#8220; custom_margin_phone=&#8220;|||0vw|false|false&#8220; custom_margin_last_edited=&#8220;on|desktop&#8220; animation_style=&#8220;slide&#8220; animation_direction=&#8220;left&#8220; animation_intensity_slide=&#8220;5%&#8220; border_radii=&#8220;on|10px|10px|10px|10px&#8220; box_shadow_style=&#8220;preset3&#8243; box_shadow_vertical=&#8220;76px&#8220; box_shadow_blur=&#8220;68px&#8220; box_shadow_spread=&#8220;-28px&#8220; box_shadow_color=&#8220;rgba(0,0,0,0.32)&#8220; global_colors_info=&#8220;{}&#8220;][\/et_pb_image][\/et_pb_column][et_pb_column type=&#8220;2_5&#8243; _builder_version=&#8220;4.16&#8243; global_colors_info=&#8220;{}&#8220;][et_pb_text _builder_version=&#8220;4.24.2&#8243; text_font=&#8220;||||||||&#8220; text_line_height=&#8220;1.8em&#8220; header_font=&#8220;||||||||&#8220; header_3_font=&#8220;Amatic SC|700|||||||&#8220; header_3_text_color=&#8220;#ee6a5b&#8220; header_3_font_size=&#8220;40px&#8220; header_3_line_height=&#8220;1.2em&#8220; custom_margin=&#8220;60px||&#8220; global_colors_info=&#8220;{}&#8220;]<\/p>\n<h3><span>Kontaktujte n\u00e1s<\/span><\/h3>\n<p><span>Spojte sa s nami pre ak\u00e9ko\u013evek ot\u00e1zky, inform\u00e1cie oh\u013eadom v\u00fdcviku alebo chovate\u013eskej stanice Entlebu\u0161sk\u00fdch sala\u0161n\u00edckych psov.<\/span><\/p>\n<p>[\/et_pb_text][et_pb_text _builder_version=&#8220;4.24.2&#8243; text_font=&#8220;||||||||&#8220; text_font_size=&#8220;16px&#8220; text_line_height=&#8220;1.8em&#8220; header_font=&#8220;||||||||&#8220; header_text_color=&#8220;#ee6a5b&#8220; header_3_font=&#8220;|700||on|||||&#8220; header_3_font_size=&#8220;14px&#8220; header_3_letter_spacing=&#8220;2px&#8220; header_3_line_height=&#8220;1.8em&#8220; custom_margin=&#8220;||15px|||&#8220; global_colors_info=&#8220;{}&#8220;]<\/p>\n<h3>Telef\u00f3n<\/h3>\n<p>+421910 119 518<\/p>\n<p>[\/et_pb_text][et_pb_button button_url=&#8220;tel:+421910119518&#8243; button_text=&#8220;Vola\u0165&#8220; button_alignment=&#8220;left&#8220; _builder_version=&#8220;4.24.2&#8243; custom_button=&#8220;on&#8220; button_text_size=&#8220;18px&#8220; button_bg_color=&#8220;#7f8ff9&#8243; button_border_color=&#8220;rgba(0,0,0,0)&#8220; button_border_radius=&#8220;50px&#8220; button_font=&#8220;|700|||||||&#8220; button_icon=&#8220;&#x24;||divi||400&#8243; background_layout=&#8220;dark&#8220; custom_padding=&#8220;15px|40px|15px|40px|true|true&#8220; locked=&#8220;off&#8220; global_colors_info=&#8220;{}&#8220;][\/et_pb_button][et_pb_text _builder_version=&#8220;4.24.2&#8243; text_font=&#8220;||||||||&#8220; text_font_size=&#8220;16px&#8220; text_line_height=&#8220;1.8em&#8220; header_font=&#8220;||||||||&#8220; header_3_font=&#8220;|700||on|||||&#8220; header_3_font_size=&#8220;14px&#8220; header_3_letter_spacing=&#8220;2px&#8220; header_3_line_height=&#8220;1.8em&#8220; custom_margin=&#8220;||17px|||&#8220; global_colors_info=&#8220;{}&#8220;]<\/p>\n<h3>Email<\/h3>\n<p>kralovstvolabiek@gmail.com<\/p>\n<p>[\/et_pb_text][et_pb_button button_url=&#8220;mailto:kralovstvolabiek@gmail.com&#8220; button_text=&#8220;Email&#8220; button_alignment=&#8220;left&#8220; _builder_version=&#8220;4.24.2&#8243; custom_button=&#8220;on&#8220; button_text_size=&#8220;18px&#8220; button_bg_color=&#8220;#7f8ff9&#8243; button_bg_use_color_gradient=&#8220;on&#8220; button_bg_color_gradient_type=&#8220;conic&#8220; button_bg_color_gradient_direction=&#8220;0deg&#8220; button_bg_color_gradient_stops=&#8220;#3b60c4 100%|#08851b 100%&#8220; button_border_width=&#8220;0px&#8220; button_border_color=&#8220;rgba(0,0,0,0)&#8220; button_border_radius=&#8220;50px&#8220; button_font=&#8220;|700|||||||&#8220; button_icon=&#8220;&#x24;||divi||400&#8243; background_layout=&#8220;dark&#8220; custom_padding=&#8220;17px|40px|17px|40px|true|true&#8220; locked=&#8220;off&#8220; global_colors_info=&#8220;{}&#8220;][\/et_pb_button][et_pb_social_media_follow _builder_version=&#8220;4.24.2&#8243; text_orientation=&#8220;left&#8220; border_radii=&#8220;on|60px|60px|60px|60px&#8220; locked=&#8220;off&#8220; global_colors_info=&#8220;{}&#8220;][et_pb_social_media_follow_network social_network=&#8220;facebook&#8220; url=&#8220;https:\/\/www.facebook.com\/natureharmonyforever&#8220; _builder_version=&#8220;4.24.2&#8243; background_color=&#8220;#000000&#8243; background_enable_color=&#8220;on&#8220; custom_margin=&#8220;|4px||4px||true&#8220; custom_padding=&#8220;8px|8px|8px|8px|true|true&#8220; global_colors_info=&#8220;{}&#8220; follow_button=&#8220;off&#8220; url_new_window=&#8220;on&#8220;]facebook[\/et_pb_social_media_follow_network][et_pb_social_media_follow_network social_network=&#8220;instagram&#8220; url=&#8220;https:\/\/www.instagram.com\/kralovstvo_labiek?igsh=MXJrZm0zZTJ1cG11dg%3D%3D&#8220; _builder_version=&#8220;4.24.2&#8243; background_color=&#8220;#000000&#8243; background_enable_color=&#8220;on&#8220; custom_margin=&#8220;|4px||4px||true&#8220; custom_padding=&#8220;8px|8px|8px|8px|true|true&#8220; global_colors_info=&#8220;{}&#8220; follow_button=&#8220;off&#8220; url_new_window=&#8220;on&#8220;]instagram[\/et_pb_social_media_follow_network][\/et_pb_social_media_follow][\/et_pb_column][\/et_pb_row][\/et_pb_section]<\/p>\n","protected":false},"excerpt":{"rendered":"<p>Kontakt Spojte sa s nami pre ak\u00e9ko\u013evek ot\u00e1zky, inform\u00e1cie oh\u013eadom v\u00fdcviku alebo chovate\u013eskej stanice Entlebu\u0161sk\u00fdch sala\u0161n\u00edckych psov.H\u013ead\u00e1te profesion\u00e1la? Ak h\u013ead\u00e1te sk\u00fasen\u00e9ho odborn\u00edka na v\u00fdcvik psov, ktor\u00fd pristupuje s l\u00e1skou a odbornos\u0165ou, ste na spr\u00e1vnom mieste. Sme tu, aby sme v\u00e1m a v\u00e1\u0161mu \u0161tvornoh\u00e9mu priate\u013eovi pomohli dosiahnu\u0165 v\u00e1\u0161 spolo\u010dn\u00fd cie\u013e.Kontaktujte n\u00e1s Spojte sa s nami pre [&hellip;]<\/p>\n","protected":false},"author":1,"featured_media":0,"parent":0,"menu_order":0,"comment_status":"closed","ping_status":"closed","template":"","meta":{"_et_pb_use_builder":"on","_et_pb_old_content":"","_et_gb_content_width":"","footnotes":""},"class_list":["post-436","page","type-page","status-publish","hentry"],"yoast_head":"<!-- This site is optimized with the Yoast SEO plugin v27.5 - https:\/\/yoast.com\/product\/yoast-seo-wordpress\/ -->\n<title>Kontakt - Kr\u00e1\u013eovstvo labiek<\/title>\n<meta name=\"robots\" content=\"index, follow, max-snippet:-1, max-image-preview:large, max-video-preview:-1\" \/>\n<link rel=\"canonical\" href=\"https:\/\/www.kralovstvolabiek.sk\/index.php\/kontakt\/\" \/>\n<meta property=\"og:locale\" content=\"sk_SK\" \/>\n<meta property=\"og:type\" content=\"article\" \/>\n<meta property=\"og:title\" content=\"Kontakt - Kr\u00e1\u013eovstvo labiek\" \/>\n<meta property=\"og:description\" content=\"Kontakt Spojte sa s nami pre ak\u00e9ko\u013evek ot\u00e1zky, inform\u00e1cie oh\u013eadom v\u00fdcviku alebo chovate\u013eskej stanice Entlebu\u0161sk\u00fdch sala\u0161n\u00edckych psov.H\u013ead\u00e1te profesion\u00e1la? Ak h\u013ead\u00e1te sk\u00fasen\u00e9ho odborn\u00edka na v\u00fdcvik psov, ktor\u00fd pristupuje s l\u00e1skou a odbornos\u0165ou, ste na spr\u00e1vnom mieste. Sme tu, aby sme v\u00e1m a v\u00e1\u0161mu \u0161tvornoh\u00e9mu priate\u013eovi pomohli dosiahnu\u0165 v\u00e1\u0161 spolo\u010dn\u00fd cie\u013e.Kontaktujte n\u00e1s Spojte sa s nami pre [&hellip;]\" \/>\n<meta property=\"og:url\" content=\"https:\/\/www.kralovstvolabiek.sk\/index.php\/kontakt\/\" \/>\n<meta property=\"og:site_name\" content=\"Kr\u00e1\u013eovstvo labiek\" \/>\n<meta property=\"article:publisher\" content=\"https:\/\/www.facebook.com\/natureharmonyforever\" \/>\n<meta property=\"article:modified_time\" content=\"2024-03-19T22:10:18+00:00\" \/>\n<meta name=\"twitter:card\" content=\"summary_large_image\" \/>\n<meta name=\"twitter:label1\" content=\"Predpokladan\u00fd \u010das \u010d\u00edtania\" \/>\n\t<meta name=\"twitter:data1\" content=\"8 min\u00fat\" \/>\n<script type=\"application\/ld+json\" class=\"yoast-schema-graph\">{\"@context\":\"https:\\\/\\\/schema.org\",\"@graph\":[{\"@type\":\"WebPage\",\"@id\":\"https:\\\/\\\/www.kralovstvolabiek.sk\\\/index.php\\\/kontakt\\\/\",\"url\":\"https:\\\/\\\/www.kralovstvolabiek.sk\\\/index.php\\\/kontakt\\\/\",\"name\":\"Kontakt - Kr\u00e1\u013eovstvo labiek\",\"isPartOf\":{\"@id\":\"https:\\\/\\\/www.kralovstvolabiek.sk\\\/#website\"},\"datePublished\":\"2024-03-19T20:32:20+00:00\",\"dateModified\":\"2024-03-19T22:10:18+00:00\",\"breadcrumb\":{\"@id\":\"https:\\\/\\\/www.kralovstvolabiek.sk\\\/index.php\\\/kontakt\\\/#breadcrumb\"},\"inLanguage\":\"sk-SK\",\"potentialAction\":[{\"@type\":\"ReadAction\",\"target\":[\"https:\\\/\\\/www.kralovstvolabiek.sk\\\/index.php\\\/kontakt\\\/\"]}]},{\"@type\":\"BreadcrumbList\",\"@id\":\"https:\\\/\\\/www.kralovstvolabiek.sk\\\/index.php\\\/kontakt\\\/#breadcrumb\",\"itemListElement\":[{\"@type\":\"ListItem\",\"position\":1,\"name\":\"Domovsk\u00e1 str\u00e1nka\",\"item\":\"https:\\\/\\\/www.kralovstvolabiek.sk\\\/\"},{\"@type\":\"ListItem\",\"position\":2,\"name\":\"Kontakt\"}]},{\"@type\":\"WebSite\",\"@id\":\"https:\\\/\\\/www.kralovstvolabiek.sk\\\/#website\",\"url\":\"https:\\\/\\\/www.kralovstvolabiek.sk\\\/\",\"name\":\"Kr\u00e1\u013eovstvo labiek\",\"description\":\"Chovate\u013esk\u00e1 stanica Entlebu\u0161sk\u00fdch sala\u0161n\u00edckych psov\",\"publisher\":{\"@id\":\"https:\\\/\\\/www.kralovstvolabiek.sk\\\/#organization\"},\"potentialAction\":[{\"@type\":\"SearchAction\",\"target\":{\"@type\":\"EntryPoint\",\"urlTemplate\":\"https:\\\/\\\/www.kralovstvolabiek.sk\\\/?s={search_term_string}\"},\"query-input\":{\"@type\":\"PropertyValueSpecification\",\"valueRequired\":true,\"valueName\":\"search_term_string\"}}],\"inLanguage\":\"sk-SK\"},{\"@type\":\"Organization\",\"@id\":\"https:\\\/\\\/www.kralovstvolabiek.sk\\\/#organization\",\"name\":\"Kr\u00e1\u013eovstvo labiek\",\"url\":\"https:\\\/\\\/www.kralovstvolabiek.sk\\\/\",\"logo\":{\"@type\":\"ImageObject\",\"inLanguage\":\"sk-SK\",\"@id\":\"https:\\\/\\\/www.kralovstvolabiek.sk\\\/#\\\/schema\\\/logo\\\/image\\\/\",\"url\":\"https:\\\/\\\/www.kralovstvolabiek.sk\\\/wp-content\\\/uploads\\\/2024\\\/03\\\/Logo_KL_no_text.jpeg\",\"contentUrl\":\"https:\\\/\\\/www.kralovstvolabiek.sk\\\/wp-content\\\/uploads\\\/2024\\\/03\\\/Logo_KL_no_text.jpeg\",\"width\":1600,\"height\":1600,\"caption\":\"Kr\u00e1\u013eovstvo labiek\"},\"image\":{\"@id\":\"https:\\\/\\\/www.kralovstvolabiek.sk\\\/#\\\/schema\\\/logo\\\/image\\\/\"},\"sameAs\":[\"https:\\\/\\\/www.facebook.com\\\/natureharmonyforever\"]}]}<\/script>\n<!-- \/ Yoast SEO plugin. -->","yoast_head_json":{"title":"Kontakt - Kr\u00e1\u013eovstvo labiek","robots":{"index":"index","follow":"follow","max-snippet":"max-snippet:-1","max-image-preview":"max-image-preview:large","max-video-preview":"max-video-preview:-1"},"canonical":"https:\/\/www.kralovstvolabiek.sk\/index.php\/kontakt\/","og_locale":"sk_SK","og_type":"article","og_title":"Kontakt - Kr\u00e1\u013eovstvo labiek","og_description":"Kontakt Spojte sa s nami pre ak\u00e9ko\u013evek ot\u00e1zky, inform\u00e1cie oh\u013eadom v\u00fdcviku alebo chovate\u013eskej stanice Entlebu\u0161sk\u00fdch sala\u0161n\u00edckych psov.H\u013ead\u00e1te profesion\u00e1la? Ak h\u013ead\u00e1te sk\u00fasen\u00e9ho odborn\u00edka na v\u00fdcvik psov, ktor\u00fd pristupuje s l\u00e1skou a odbornos\u0165ou, ste na spr\u00e1vnom mieste. Sme tu, aby sme v\u00e1m a v\u00e1\u0161mu \u0161tvornoh\u00e9mu priate\u013eovi pomohli dosiahnu\u0165 v\u00e1\u0161 spolo\u010dn\u00fd cie\u013e.Kontaktujte n\u00e1s Spojte sa s nami pre [&hellip;]","og_url":"https:\/\/www.kralovstvolabiek.sk\/index.php\/kontakt\/","og_site_name":"Kr\u00e1\u013eovstvo labiek","article_publisher":"https:\/\/www.facebook.com\/natureharmonyforever","article_modified_time":"2024-03-19T22:10:18+00:00","twitter_card":"summary_large_image","twitter_misc":{"Predpokladan\u00fd \u010das \u010d\u00edtania":"8 min\u00fat"},"schema":{"@context":"https:\/\/schema.org","@graph":[{"@type":"WebPage","@id":"https:\/\/www.kralovstvolabiek.sk\/index.php\/kontakt\/","url":"https:\/\/www.kralovstvolabiek.sk\/index.php\/kontakt\/","name":"Kontakt - Kr\u00e1\u013eovstvo labiek","isPartOf":{"@id":"https:\/\/www.kralovstvolabiek.sk\/#website"},"datePublished":"2024-03-19T20:32:20+00:00","dateModified":"2024-03-19T22:10:18+00:00","breadcrumb":{"@id":"https:\/\/www.kralovstvolabiek.sk\/index.php\/kontakt\/#breadcrumb"},"inLanguage":"sk-SK","potentialAction":[{"@type":"ReadAction","target":["https:\/\/www.kralovstvolabiek.sk\/index.php\/kontakt\/"]}]},{"@type":"BreadcrumbList","@id":"https:\/\/www.kralovstvolabiek.sk\/index.php\/kontakt\/#breadcrumb","itemListElement":[{"@type":"ListItem","position":1,"name":"Domovsk\u00e1 str\u00e1nka","item":"https:\/\/www.kralovstvolabiek.sk\/"},{"@type":"ListItem","position":2,"name":"Kontakt"}]},{"@type":"WebSite","@id":"https:\/\/www.kralovstvolabiek.sk\/#website","url":"https:\/\/www.kralovstvolabiek.sk\/","name":"Kr\u00e1\u013eovstvo labiek","description":"Chovate\u013esk\u00e1 stanica Entlebu\u0161sk\u00fdch sala\u0161n\u00edckych psov","publisher":{"@id":"https:\/\/www.kralovstvolabiek.sk\/#organization"},"potentialAction":[{"@type":"SearchAction","target":{"@type":"EntryPoint","urlTemplate":"https:\/\/www.kralovstvolabiek.sk\/?s={search_term_string}"},"query-input":{"@type":"PropertyValueSpecification","valueRequired":true,"valueName":"search_term_string"}}],"inLanguage":"sk-SK"},{"@type":"Organization","@id":"https:\/\/www.kralovstvolabiek.sk\/#organization","name":"Kr\u00e1\u013eovstvo labiek","url":"https:\/\/www.kralovstvolabiek.sk\/","logo":{"@type":"ImageObject","inLanguage":"sk-SK","@id":"https:\/\/www.kralovstvolabiek.sk\/#\/schema\/logo\/image\/","url":"https:\/\/www.kralovstvolabiek.sk\/wp-content\/uploads\/2024\/03\/Logo_KL_no_text.jpeg","contentUrl":"https:\/\/www.kralovstvolabiek.sk\/wp-content\/uploads\/2024\/03\/Logo_KL_no_text.jpeg","width":1600,"height":1600,"caption":"Kr\u00e1\u013eovstvo labiek"},"image":{"@id":"https:\/\/www.kralovstvolabiek.sk\/#\/schema\/logo\/image\/"},"sameAs":["https:\/\/www.facebook.com\/natureharmonyforever"]}]}},"_links":{"self":[{"href":"https:\/\/www.kralovstvolabiek.sk\/index.php\/wp-json\/wp\/v2\/pages\/436","targetHints":{"allow":["GET"]}}],"collection":[{"href":"https:\/\/www.kralovstvolabiek.sk\/index.php\/wp-json\/wp\/v2\/pages"}],"about":[{"href":"https:\/\/www.kralovstvolabiek.sk\/index.php\/wp-json\/wp\/v2\/types\/page"}],"author":[{"embeddable":true,"href":"https:\/\/www.kralovstvolabiek.sk\/index.php\/wp-json\/wp\/v2\/users\/1"}],"replies":[{"embeddable":true,"href":"https:\/\/www.kralovstvolabiek.sk\/index.php\/wp-json\/wp\/v2\/comments?post=436"}],"version-history":[{"count":14,"href":"https:\/\/www.kralovstvolabiek.sk\/index.php\/wp-json\/wp\/v2\/pages\/436\/revisions"}],"predecessor-version":[{"id":479,"href":"https:\/\/www.kralovstvolabiek.sk\/index.php\/wp-json\/wp\/v2\/pages\/436\/revisions\/479"}],"wp:attachment":[{"href":"https:\/\/www.kralovstvolabiek.sk\/index.php\/wp-json\/wp\/v2\/media?parent=436"}],"curies":[{"name":"wp","href":"https:\/\/api.w.org\/{rel}","templated":true}]}}